{"id":5249,"date":"2025-02-19T12:16:28","date_gmt":"2025-02-19T12:16:28","guid":{"rendered":"https:\/\/www.sedicivintage.it\/shipping-and-returns\/"},"modified":"2025-03-18T15:46:56","modified_gmt":"2025-03-18T15:46:56","slug":"shipping-and-returns","status":"publish","type":"page","link":"https:\/\/www.sedicivintage.it\/en\/shipping-and-returns\/","title":{"rendered":"Shipping and returns"},"content":{"rendered":"\t\t<div data-elementor-type=\"wp-page\" data-elementor-id=\"5249\" class=\"elementor elementor-5249 elementor-2229\" data-elementor-post-type=\"page\">\n\t\t\t\t<div class=\"elementor-element elementor-element-f709417 e-con-full e-flex e-con e-parent\" data-id=\"f709417\" data-element_type=\"container\" data-e-type=\"container\">\n\t\t<div class=\"elementor-element elementor-element-19aaef8 e-con-full e-flex e-con e-child\" data-id=\"19aaef8\" data-element_type=\"container\" data-e-type=\"container\">\n\t\t<div class=\"elementor-element elementor-element-9ddb95b e-con-full e-flex e-con e-child\" data-id=\"9ddb95b\" data-element_type=\"container\" data-e-type=\"container\">\n\t\t\t\t<\/div>\n\t\t<div class=\"elementor-element elementor-element-7b8ad30 e-con-full e-flex e-con e-child\" data-id=\"7b8ad30\" data-element_type=\"container\" data-e-type=\"container\">\n\t\t\t\t<\/div>\n\t\t\t\t<\/div>\n\t\t<div class=\"elementor-element elementor-element-210e1ee e-con-full e-flex e-con e-child\" data-id=\"210e1ee\" data-element_type=\"container\" data-e-type=\"container\">\n\t\t\t\t<div class=\"elementor-element elementor-element-b2a06a9 elementor-widget elementor-widget-text-editor\" data-id=\"b2a06a9\" data-element_type=\"widget\" data-e-type=\"widget\" id=\"termini\" data-widget_type=\"text-editor.default\">\n\t\t\t\t<div class=\"elementor-widget-container\">\n\t\t\t\t\t\t\t\t\t<p><b>CONSEGNA DEI PRODOTTI <\/b><\/p>\n<p>Tutti i Prodotti validamente acquistati saranno consegnati al Cliente selezionando la relativa opzione al momento del \u201ccheckout\u201d:<\/p>\n<ul>\n<li>presso il negozio sito in Corte delle rose 90, 31015 Conegliano (Tv) (\u201c<b>Negozio<\/b>\u201d); o<\/li>\n<li>a mezzo Corriere (nazionale ed internazionale) all\u2019indirizzo indicato dal Cliente per la consegna.<\/li>\n<\/ul>\n<p>La consegna dei Prodotti avverr\u00e0 solo dopo che il pagamento dell\u2019importo indicato nell\u2019ordine, comprensivo del prezzo del Prodotto e delle eventuali relative spese di spedizione, sia stato regolarmente registrato e confermato.<\/p>\n<p><b>La consegna dei Prodotti presso il Negozio<\/b><\/p>\n<p>Per la consegna dei Prodotti presso il Negozio non verr\u00e0 richiesto al Cliente alcun contributo aggiuntivo per le spese di spedizione.<\/p>\n<p>Una volta che il pagamento dell\u2019importo indicato nell\u2019ordine sia stato regolarmente registrato e confermato, il Cliente ricever\u00e0 una comunicazione via e-mail che attesta la disponibilit\u00e0 del Prodotto per la consegna presso il Negozio.<\/p>\n<p>Il Cliente dovr\u00e0 ritirare il Prodotto presso il Negozio entro 10 (dieci) giorni lavorativi dalla ricezione della suddetta comunicazione. In caso di mancato ritiro del Prodotto entro il termine di 10 (dieci) giorni, il Venditore potr\u00e0 procedere all\u2019annullamento dell\u2019ordine e al rimborso dell\u2019importo versato dal Cliente decurtato delle eventuali spese sostenute.<\/p>\n<p>Al momento della consegna del Prodotto, il Cliente dovr\u00e0 presentare:<\/p>\n<ul>\n<li>una copia dell\u2019email di Conferma d\u2019Ordine;<\/li>\n<li>un documento di identit\u00e0 valido.<\/li>\n<\/ul>\n<p>Le consegne presso il Negozio verranno effettuate dal Venditore nei seguenti orari: Luned\u00ec pomeriggio dalle 15:00 alle 19:30, dal marted\u00ec al sabato dalle ore 10.00 alle ore 12:30 e dalle ore 15.00 alle ore 19.30. Qualsiasi variazione ai termini sopra indicati verr\u00e0 comunicata tempestivamente via e-mail al Cliente.<\/p>\n<ol>\n<li style=\"list-style-type: none\"><\/li>\n<\/ol>\n<p><b>La consegna dei Prodotti tramite Corriere<\/b><\/p>\n<p>Per la consegna dei Prodotti tramite Corriere, verr\u00e0 richiesto al Cliente un contributo alle spese che sar\u00e0 ben evidenziato nel corso della procedura di acquisto.<\/p>\n<p>I Prodotti spediti vengono consegnati indicativamente nei seguenti termini:<\/p>\n<ul>\n<li>per le consegne in Italia, entro 1-2 giorni lavorativi dalla spedizione;<\/li>\n<li>per le consegne nei Paesi dell\u2019Unione Europea (inclusi Svizzera e Regno Unito), entro 5-7 giorni lavorativi dalla spedizione;<\/li>\n<li>per le consegne in Norvegia, entro 7-10 giorni lavorativi dalla spedizione.<\/li>\n<\/ul>\n<p>Le spedizioni vengono effettuate dal luned\u00ec al venerd\u00ec con esclusione dei giorni festivi. Qualsiasi variazioni ai termini sopra indicati verr\u00e0 comunicata tempestivamente via e-mail al Cliente.<\/p>\n<p>Il Venditore spedisce in tutti i Paesi indicati durante la procedura di registrazione e, comunque, indicati <i>sub<\/i> 1.5. che precede. Tuttavia, si precisa che, solo per l&#8217;Italia, il Sito non \u00e8 autorizzato a spedire a Livigno, Campione d&#8217;Italia, S. Marino e Citt\u00e0 del Vaticano. In ogni caso potrebbero verificarsi casi in cui problematiche doganali impediscano la consegna dei Prodotti ordinati. In questo caso, il Cliente verr\u00e0 informato tempestivamente via e-mail.<\/p>\n<p>Il Venditore si riserva di applicare condizioni agevolate di spedizione, per l&#8217;Italia e l&#8217;estero, comunicando preventivamente sul Sito le condizioni dell&#8217;offerta.<\/p>\n<p><b>TASSE DI IMPORTAZIONE E DAZI DOGANALI<\/b><\/p>\n<p>I Prodotti venduti non dovrebbero essere soggetti ad alcuna tassa di importazione o dazio doganale, se il Prodotto \u00e8 venduto e consegnato in Italia oppure all\u2019interno dell\u2019Unione Europea.<\/p>\n<p>Nel caso di consegne in Paesi non appartenenti all\u2019Unione Europea, i Prodotti potrebbero essere soggetti a tasse di importazione e\/o dazi doganali a seconda del tipo di Prodotto e del Paese di destinazione. Non \u00e8 possibile prevedere in alcun modo se e quali costi devono essere sostenuti per lo sdoganamento dei Prodotti. In ogni caso, eventuali costi relativi a tasse di importazione e\/o dazi doganali saranno a carico del Cliente.<\/p>\n<p>Per maggiori informazioni, \u00e8 possibile rivolgersi all\u2019ufficio doganale del Paese di consegna del Prodotto.<\/p>\n<p><b>DIRITTO DI RECESSO<\/b><\/p>\n<p><b>Esercizio del diritto di recesso<\/b><\/p>\n<p>Il Cliente ha il diritto di recedere dal contratto concluso con il Venditore, gratuitamente e senza doverne giustificare i motivi, entro un termine di 14 giorni lavorativi a decorrere dal giorno del ricevimento dei Prodotti da parte del Cliente o di un terzo designato dal Cliente.<\/p>\n<p>Per esercitare il diritto di recesso, il Cliente pu\u00f2 inviare comunicazione scritta ed esplicita della decisione di recedere al Venditore, fornendo i suoi riferimenti (nome, cognome, indirizzo ed e-mail), le date d\u2019ordine e di ricezione dei Prodotti, il numero d\u2019ordine e i relativi Prodotti acquistati; a tal fine, il Cliente pu\u00f2 facoltativamente utilizzare il modulo di recesso tipo**, non obbligatorio, di cui all\u2019Allegato (termini di vendita) I del Decreto Legislativo 21 febbraio 2014, n. 21. La comunicazione di recesso dovr\u00e0 essere inviata al Venditore:<\/p>\n<ul>\n<li>via e-mail: hello@sedicivintage.it; o<\/li>\n<li>via posta: Corte delle rose 90, 31015 Conegliano (Tv).<\/li>\n<\/ul>\n<p>Il diritto di recesso non pu\u00f2 essere esercitato nel caso in cui:<\/p>\n<ul>\n<li>i Prodotti sigillati non si prestino ad essere restituiti per motivi igienici o connessi alla protezione della salute e che siano stati aperti dopo la consegna;<\/li>\n<li>i Prodotti rischino di deteriorarsi o scadere rapidamente;<\/li>\n<li>i Prodotti siano stati confezionati su misura o personalizzati;<\/li>\n<li>i Prodotti risultino, dopo la consegna, inscindibilmente mescolati con altri beni;<\/li>\n<li>i Prodotti siano privi del cartellino identificativo che viceversa deve essere ancora attaccato ai prodotti con il sigillo monouso;<\/li>\n<li>i Prodotti vengano restituiti privi della loro confezione originale e dell\u2019imballo come sono stati ricevuti. Se si sta rendendo un prodotto composto da pi\u00f9 item, devono essere restituiti tutti gli articoli che lo compongono;<\/li>\n<li>i Prodotti siano stati inviati per il reso suddivisi in diverse spedizioni. Il Venditore, infatti, si riserva il diritto di non accettare Prodotti di uno stesso ordine, resi e spediti in momenti diversi;<\/li>\n<li>i Prodotti siano stati inviati per il reso privi della copia della ricevuta di acquisto.<\/li>\n<\/ul>\n<p><b>Tempi e modalit\u00e0 di restituzione<\/b><\/p>\n<p>I Prodotti oggetto di recesso devono essere restituiti al Venditore con l\u2019imballaggio originale e il relativo cartellino identificativo e non devono essere stati utilizzati, indossati, lavati o danneggiati n\u00e9, in ogni caso, devono essere stati alterati nelle loro caratteristiche essenziali e\/o qualitative.<\/p>\n<p>Per procedere con la restituzione, il Cliente deve rispedire i Prodotti oggetto di recesso, entro 14 giorni decorrenti dalla data in cui il Cliente ha trasmesso al Venditore il relativo modulo di recesso, a Sedici Vintage,_Corte delle Rose 90, 31015 Conegliano (Tv), avendo cura di indicare data e numero d\u2019ordine e le proprie informazioni di contatto.<\/p>\n<p>Il pagamento dei costi diretti della restituzione dei Prodotti \u00e8 a carico del Cliente.<\/p>\n<p><b>Tempi e modalit\u00e0 di rimborso<\/b><\/p>\n<p>Ricevuti i Prodotti, il Venditore provvede alla verifica del rispetto delle condizioni e dei termini indicati nel presente art. 6.<\/p>\n<p>Qualora non siano rispettati le modalit\u00e0 ed i termini per l&#8217;esercizio del diritto di recesso, come specificato nelle presenti Condizioni di Vendita, il Cliente non avr\u00e0 diritto al rimborso delle somme gi\u00e0 corrisposte al Venditore.<\/p>\n<p>Nel caso in cui tali verifiche diano esito positivo, il Venditore provvede ad inviare al Cliente, tramite e-mail, la conferma dell&#8217;accettazione dei Prodotti oggetto di recesso e procede al rimborso di tutti i pagamenti ricevuti dal Cliente, comprensivi delle spese di consegna originarie. Il Venditore non \u00e8 tenuto, invece, a rimborsare i costi supplementari delle spese di consegna originarie, qualora il Cliente abbia scelto espressamente un tipo di consegna diverso dal tipo meno costoso di consegna offerto.<\/p>\n<p>Qualunque sia la modalit\u00e0 di pagamento utilizzata dal Cliente, il rimborso \u00e8 attivato dal Venditore, senza indebito ritardo e comunque entro 14 (quattordici) giorni dalla data in cui il Venditore ha ricevuto la comunicazione di recesso. Il rimborso pu\u00f2 essere sospeso da parte del Venditore fino al ricevimento dei Prodotti oppure fino all\u2019avvenuta dimostrazione da parte del Cliente di aver rispedito i Prodotti, se precedente.<\/p>\n<p>Il Venditore esegue il rimborso utilizzando lo stesso mezzo di pagamento usato dal Cliente per l\u2019acquisto iniziale, salvo quest\u2019ultimo non abbia espressamente convenuto altrimenti. Qualora non vi sia corrispondenza tra il destinatario dei Prodotti indicato nel modulo d\u2019ordine e chi ha eseguito il pagamento delle somme dovute per il loro acquisto, il rimborso delle predette somme, sar\u00e0 eseguito dal Venditore, salvo diverso accordo, in favore del soggetto che ha eseguito il pagamento.<\/p>\n<p>In ogni caso, il Cliente non dovr\u00e0 sostenere alcun costo quale conseguenza del predetto rimborso.<\/p>\n\t\t\t\t\t\t\t\t<\/div>\n\t\t\t\t<\/div>\n\t\t\t\t<\/div>\n\t\t<div class=\"elementor-element elementor-element-88cff36 e-con-full e-flex e-con e-child\" data-id=\"88cff36\" data-element_type=\"container\" data-e-type=\"container\">\n\t\t\t\t<\/div>\n\t\t\t\t<\/div>\n\t\t\t\t<\/div>\n\t\t","protected":false},"excerpt":{"rendered":"","protected":false},"author":1,"featured_media":5091,"parent":0,"menu_order":0,"comment_status":"closed","ping_status":"closed","template":"","meta":{"_acf_changed":false,"footnotes":""},"class_list":["post-5249","page","type-page","status-publish","has-post-thumbnail","hentry"],"acf":[],"yoast_head":"<!-- This site is optimized with the Yoast SEO plugin v27.3 - https:\/\/yoast.com\/product\/yoast-seo-wordpress\/ -->\n<title>Shipping and Returns | Sedicivintage<\/title>\n<meta name=\"description\" content=\"Learn about our shipping and return policies at Sedicivintage. Detailed information on delivery times, shipping costs, and procedures for returns and exchanges. Shop with confidence and transparency.\" \/>\n<meta name=\"robots\" content=\"index, follow, max-snippet:-1, max-image-preview:large, max-video-preview:-1\" \/>\n<link rel=\"canonical\" href=\"https:\/\/www.sedicivintage.it\/en\/shipping-and-returns\/\" \/>\n<meta property=\"og:locale\" content=\"en_US\" \/>\n<meta property=\"og:type\" content=\"article\" \/>\n<meta property=\"og:title\" content=\"Shipping and Returns | Sedicivintage\" \/>\n<meta property=\"og:description\" content=\"Learn about our shipping and return policies at Sedicivintage. Detailed information on delivery times, shipping costs, and procedures for returns and exchanges. Shop with confidence and transparency.\" \/>\n<meta property=\"og:url\" content=\"https:\/\/www.sedicivintage.it\/en\/shipping-and-returns\/\" \/>\n<meta property=\"og:site_name\" content=\"Sedici\" \/>\n<meta property=\"article:publisher\" content=\"https:\/\/www.facebook.com\/sedicivintage\" \/>\n<meta property=\"article:modified_time\" content=\"2025-03-18T15:46:56+00:00\" \/>\n<meta property=\"og:image\" content=\"https:\/\/www.sedicivintage.it\/wp-content\/uploads\/2025\/02\/03-1.jpg\" \/>\n\t<meta property=\"og:image:width\" content=\"784\" \/>\n\t<meta property=\"og:image:height\" content=\"1047\" \/>\n\t<meta property=\"og:image:type\" content=\"image\/jpeg\" \/>\n<meta name=\"twitter:card\" content=\"summary_large_image\" \/>\n<script type=\"application\/ld+json\" class=\"yoast-schema-graph\">{\"@context\":\"https:\\\/\\\/schema.org\",\"@graph\":[{\"@type\":\"WebPage\",\"@id\":\"https:\\\/\\\/www.sedicivintage.it\\\/en\\\/shipping-and-returns\\\/\",\"url\":\"https:\\\/\\\/www.sedicivintage.it\\\/en\\\/shipping-and-returns\\\/\",\"name\":\"Shipping and Returns | Sedicivintage\",\"isPartOf\":{\"@id\":\"https:\\\/\\\/www.sedicivintage.it\\\/en\\\/#website\"},\"primaryImageOfPage\":{\"@id\":\"https:\\\/\\\/www.sedicivintage.it\\\/en\\\/shipping-and-returns\\\/#primaryimage\"},\"image\":{\"@id\":\"https:\\\/\\\/www.sedicivintage.it\\\/en\\\/shipping-and-returns\\\/#primaryimage\"},\"thumbnailUrl\":\"https:\\\/\\\/www.sedicivintage.it\\\/wp-content\\\/uploads\\\/2025\\\/02\\\/03-1.jpg\",\"datePublished\":\"2025-02-19T12:16:28+00:00\",\"dateModified\":\"2025-03-18T15:46:56+00:00\",\"description\":\"Learn about our shipping and return policies at Sedicivintage. Detailed information on delivery times, shipping costs, and procedures for returns and exchanges. Shop with confidence and transparency.\",\"breadcrumb\":{\"@id\":\"https:\\\/\\\/www.sedicivintage.it\\\/en\\\/shipping-and-returns\\\/#breadcrumb\"},\"inLanguage\":\"en-US\",\"potentialAction\":[{\"@type\":\"ReadAction\",\"target\":[\"https:\\\/\\\/www.sedicivintage.it\\\/en\\\/shipping-and-returns\\\/\"]}]},{\"@type\":\"ImageObject\",\"inLanguage\":\"en-US\",\"@id\":\"https:\\\/\\\/www.sedicivintage.it\\\/en\\\/shipping-and-returns\\\/#primaryimage\",\"url\":\"https:\\\/\\\/www.sedicivintage.it\\\/wp-content\\\/uploads\\\/2025\\\/02\\\/03-1.jpg\",\"contentUrl\":\"https:\\\/\\\/www.sedicivintage.it\\\/wp-content\\\/uploads\\\/2025\\\/02\\\/03-1.jpg\",\"width\":784,\"height\":1047},{\"@type\":\"BreadcrumbList\",\"@id\":\"https:\\\/\\\/www.sedicivintage.it\\\/en\\\/shipping-and-returns\\\/#breadcrumb\",\"itemListElement\":[{\"@type\":\"ListItem\",\"position\":1,\"name\":\"Home\",\"item\":\"https:\\\/\\\/www.sedicivintage.it\\\/en\\\/home\\\/\"},{\"@type\":\"ListItem\",\"position\":2,\"name\":\"Shipping and returns\"}]},{\"@type\":\"WebSite\",\"@id\":\"https:\\\/\\\/www.sedicivintage.it\\\/en\\\/#website\",\"url\":\"https:\\\/\\\/www.sedicivintage.it\\\/en\\\/\",\"name\":\"Sedici\",\"description\":\"Vintage &amp; Upcycling\",\"publisher\":{\"@id\":\"https:\\\/\\\/www.sedicivintage.it\\\/en\\\/#organization\"},\"potentialAction\":[{\"@type\":\"SearchAction\",\"target\":{\"@type\":\"EntryPoint\",\"urlTemplate\":\"https:\\\/\\\/www.sedicivintage.it\\\/en\\\/?s={search_term_string}\"},\"query-input\":{\"@type\":\"PropertyValueSpecification\",\"valueRequired\":true,\"valueName\":\"search_term_string\"}}],\"inLanguage\":\"en-US\"},{\"@type\":\"Organization\",\"@id\":\"https:\\\/\\\/www.sedicivintage.it\\\/en\\\/#organization\",\"name\":\"Sedici\",\"url\":\"https:\\\/\\\/www.sedicivintage.it\\\/en\\\/\",\"logo\":{\"@type\":\"ImageObject\",\"inLanguage\":\"en-US\",\"@id\":\"https:\\\/\\\/www.sedicivintage.it\\\/en\\\/#\\\/schema\\\/logo\\\/image\\\/\",\"url\":\"https:\\\/\\\/www.sedicivintage.it\\\/wp-content\\\/uploads\\\/2024\\\/12\\\/Risorsa-2.png\",\"contentUrl\":\"https:\\\/\\\/www.sedicivintage.it\\\/wp-content\\\/uploads\\\/2024\\\/12\\\/Risorsa-2.png\",\"width\":596,\"height\":596,\"caption\":\"Sedici\"},\"image\":{\"@id\":\"https:\\\/\\\/www.sedicivintage.it\\\/en\\\/#\\\/schema\\\/logo\\\/image\\\/\"},\"sameAs\":[\"https:\\\/\\\/www.facebook.com\\\/sedicivintage\",\"https:\\\/\\\/www.instagram.com\\\/sedicivintage\\\/?locale=en_CA\"]}]}<\/script>\n<!-- \/ Yoast SEO plugin. -->","yoast_head_json":{"title":"Shipping and Returns | Sedicivintage","description":"Learn about our shipping and return policies at Sedicivintage. Detailed information on delivery times, shipping costs, and procedures for returns and exchanges. Shop with confidence and transparency.","robots":{"index":"index","follow":"follow","max-snippet":"max-snippet:-1","max-image-preview":"max-image-preview:large","max-video-preview":"max-video-preview:-1"},"canonical":"https:\/\/www.sedicivintage.it\/en\/shipping-and-returns\/","og_locale":"en_US","og_type":"article","og_title":"Shipping and Returns | Sedicivintage","og_description":"Learn about our shipping and return policies at Sedicivintage. Detailed information on delivery times, shipping costs, and procedures for returns and exchanges. Shop with confidence and transparency.","og_url":"https:\/\/www.sedicivintage.it\/en\/shipping-and-returns\/","og_site_name":"Sedici","article_publisher":"https:\/\/www.facebook.com\/sedicivintage","article_modified_time":"2025-03-18T15:46:56+00:00","og_image":[{"width":784,"height":1047,"url":"https:\/\/www.sedicivintage.it\/wp-content\/uploads\/2025\/02\/03-1.jpg","type":"image\/jpeg"}],"twitter_card":"summary_large_image","schema":{"@context":"https:\/\/schema.org","@graph":[{"@type":"WebPage","@id":"https:\/\/www.sedicivintage.it\/en\/shipping-and-returns\/","url":"https:\/\/www.sedicivintage.it\/en\/shipping-and-returns\/","name":"Shipping and Returns | Sedicivintage","isPartOf":{"@id":"https:\/\/www.sedicivintage.it\/en\/#website"},"primaryImageOfPage":{"@id":"https:\/\/www.sedicivintage.it\/en\/shipping-and-returns\/#primaryimage"},"image":{"@id":"https:\/\/www.sedicivintage.it\/en\/shipping-and-returns\/#primaryimage"},"thumbnailUrl":"https:\/\/www.sedicivintage.it\/wp-content\/uploads\/2025\/02\/03-1.jpg","datePublished":"2025-02-19T12:16:28+00:00","dateModified":"2025-03-18T15:46:56+00:00","description":"Learn about our shipping and return policies at Sedicivintage. Detailed information on delivery times, shipping costs, and procedures for returns and exchanges. Shop with confidence and transparency.","breadcrumb":{"@id":"https:\/\/www.sedicivintage.it\/en\/shipping-and-returns\/#breadcrumb"},"inLanguage":"en-US","potentialAction":[{"@type":"ReadAction","target":["https:\/\/www.sedicivintage.it\/en\/shipping-and-returns\/"]}]},{"@type":"ImageObject","inLanguage":"en-US","@id":"https:\/\/www.sedicivintage.it\/en\/shipping-and-returns\/#primaryimage","url":"https:\/\/www.sedicivintage.it\/wp-content\/uploads\/2025\/02\/03-1.jpg","contentUrl":"https:\/\/www.sedicivintage.it\/wp-content\/uploads\/2025\/02\/03-1.jpg","width":784,"height":1047},{"@type":"BreadcrumbList","@id":"https:\/\/www.sedicivintage.it\/en\/shipping-and-returns\/#breadcrumb","itemListElement":[{"@type":"ListItem","position":1,"name":"Home","item":"https:\/\/www.sedicivintage.it\/en\/home\/"},{"@type":"ListItem","position":2,"name":"Shipping and returns"}]},{"@type":"WebSite","@id":"https:\/\/www.sedicivintage.it\/en\/#website","url":"https:\/\/www.sedicivintage.it\/en\/","name":"Sedici","description":"Vintage &amp; Upcycling","publisher":{"@id":"https:\/\/www.sedicivintage.it\/en\/#organization"},"potentialAction":[{"@type":"SearchAction","target":{"@type":"EntryPoint","urlTemplate":"https:\/\/www.sedicivintage.it\/en\/?s={search_term_string}"},"query-input":{"@type":"PropertyValueSpecification","valueRequired":true,"valueName":"search_term_string"}}],"inLanguage":"en-US"},{"@type":"Organization","@id":"https:\/\/www.sedicivintage.it\/en\/#organization","name":"Sedici","url":"https:\/\/www.sedicivintage.it\/en\/","logo":{"@type":"ImageObject","inLanguage":"en-US","@id":"https:\/\/www.sedicivintage.it\/en\/#\/schema\/logo\/image\/","url":"https:\/\/www.sedicivintage.it\/wp-content\/uploads\/2024\/12\/Risorsa-2.png","contentUrl":"https:\/\/www.sedicivintage.it\/wp-content\/uploads\/2024\/12\/Risorsa-2.png","width":596,"height":596,"caption":"Sedici"},"image":{"@id":"https:\/\/www.sedicivintage.it\/en\/#\/schema\/logo\/image\/"},"sameAs":["https:\/\/www.facebook.com\/sedicivintage","https:\/\/www.instagram.com\/sedicivintage\/?locale=en_CA"]}]}},"jetpack_sharing_enabled":true,"_links":{"self":[{"href":"https:\/\/www.sedicivintage.it\/en\/wp-json\/wp\/v2\/pages\/5249","targetHints":{"allow":["GET"]}}],"collection":[{"href":"https:\/\/www.sedicivintage.it\/en\/wp-json\/wp\/v2\/pages"}],"about":[{"href":"https:\/\/www.sedicivintage.it\/en\/wp-json\/wp\/v2\/types\/page"}],"author":[{"embeddable":true,"href":"https:\/\/www.sedicivintage.it\/en\/wp-json\/wp\/v2\/users\/1"}],"replies":[{"embeddable":true,"href":"https:\/\/www.sedicivintage.it\/en\/wp-json\/wp\/v2\/comments?post=5249"}],"version-history":[{"count":0,"href":"https:\/\/www.sedicivintage.it\/en\/wp-json\/wp\/v2\/pages\/5249\/revisions"}],"wp:featuredmedia":[{"embeddable":true,"href":"https:\/\/www.sedicivintage.it\/en\/wp-json\/wp\/v2\/media\/5091"}],"wp:attachment":[{"href":"https:\/\/www.sedicivintage.it\/en\/wp-json\/wp\/v2\/media?parent=5249"}],"curies":[{"name":"wp","href":"https:\/\/api.w.org\/{rel}","templated":true}]}}